{"id":3801,"date":"2022-06-14T07:57:07","date_gmt":"2022-06-14T07:57:07","guid":{"rendered":"https:\/\/vinaelena.com\/products\/wines\/vino-familia-pacheco-blanco\/"},"modified":"2026-03-18T11:53:54","modified_gmt":"2026-03-18T11:53:54","slug":"vino-familia-pacheco-blanco","status":"publish","type":"page","link":"https:\/\/vinaelena.com\/en\/products\/wines\/vino-familia-pacheco-blanco\/","title":{"rendered":"Familia Pacheco Blanco"},"content":{"rendered":"<p>[vc_row full_width=&#8221;stretch_row&#8221;][vc_column]<section class=\"page-title page-title-4 bg-secondary\">\n\t\t\t\t<div class=\"container\">\n\t\t\t\t    <div class=\"row\">\n\t\t\t\t    \n\t\t\t\t        <div class=\"col-md-6\">\n\t\t\t\t            <h3 class=\"uppercase mb0\">\n\t\t\t\t            \t Familia Pacheco Blanco\n\t\t\t\t            <\/h3>\n\t\t\t\t        <\/div>\n\t\t\t\t        \n\t\t\t\t        <div class=\"col-md-6 text-right\">\n\t\t\t\t        \t<ol class=\"breadcrumb breadcrumb-2\"><li><a href=\"https:\/\/vinaelena.com\/en\/\" class=\"home-link\" rel=\"home\">Home<\/a><\/li><li><a href=\"https:\/\/vinaelena.com\/en\/products\/\">Products<\/a><\/li><li><a href=\"https:\/\/vinaelena.com\/en\/products\/wines\/\">Wines<\/a><\/li><li class=\"active\">Familia Pacheco Blanco<\/li><\/ol>\n\t\t\t\t        <\/div>\n\t\t\t\t        \n\t\t\t\t    <\/div>\n\t\t\t\t<\/div>\n\t\t\t<\/section>\n\t\t[\/vc_column][\/vc_row][vc_row foundry_padding=&#8221;pt0&#8243;][vc_column width=&#8221;5\/12&#8243;][vc_single_image image=&#8221;1587&#8243; img_size=&#8221;246&#215;869&#8243; alignment=&#8221;center&#8221;][\/vc_column][vc_column width=&#8221;7\/12&#8243;][vc_column_text css=&#8221;.vc_custom_1773834709388{margin-top: 150px !important;}&#8221;]<\/p>\n<table>\n<tbody>\n<tr>\n<td>WINE<\/td>\n<td>FAMILIA PACHECO, BLANCO (white wine)<\/td>\n<\/tr>\n<tr>\n<td>VARIETIES<\/td>\n<td>Air\u00e9n, Macabeo and Malvas\u00eda<\/td>\n<\/tr>\n<tr>\n<td>ABV<\/td>\n<td>12.5 %<\/td>\n<\/tr>\n<tr>\n<td>VINEYARD<\/td>\n<td>Dry-farmed, globet-trained<\/td>\n<\/tr>\n<tr>\n<td>VINTAGE<\/td>\n<td>2025<\/td>\n<\/tr>\n<tr>\n<td>AGEING<\/td>\n<td>Young wine<\/td>\n<\/tr>\n<tr>\n<td>DOP<\/td>\n<td>Jumilla<\/td>\n<\/tr>\n<tr>\n<td>TASTING NOTE<\/td>\n<td>\n<p class=\"p1\">Pale, lemon-green colour. On the nose, combination of Mediterranean herbs, such as fennel, together with white stone fruit and subtle tropical notes. Fruit-driven, well-balanced and with good weight on the palate. The finish is broad and textured, a characteristic brought by the Malvas\u00eda variety. A clearly Mediterranean palate.<\/p>\n<\/td>\n<\/tr>\n<\/tbody>\n<\/table>\n<p>[\/vc_column_text][vc_btn title=&#8221;Download technical note&#8221; color=&#8221;danger&#8221; i_icon_fontawesome=&#8221;fas fa-cart-arrow-down&#8221; add_icon=&#8221;true&#8221; link=&#8221;url:https%3A%2F%2Fvinaelena.com%2Fcontent-nx%2Fuploads%2F2026%2F03%2FFP-Blanco-2025-eng.pdf|target:_blank&#8221;][vc_separator][vc_btn title=&#8221;Buy online (only in Spain)&#8221; color=&#8221;danger&#8221; i_icon_fontawesome=&#8221;fas fa-cart-arrow-down&#8221; add_icon=&#8221;true&#8221; link=&#8221;url:https%3A%2F%2Fmaticesgourmet.es%2Fen%2Fwine-familia-pacheco-blanco|target:_blank&#8221;][\/vc_column][\/vc_row]<\/p>\n","protected":false},"excerpt":{"rendered":"<p>[vc_row full_width=&#8221;stretch_row&#8221;][vc_column][\/vc_column][\/vc_row][vc_row foundry_padding=&#8221;pt0&#8243;][vc_column width=&#8221;5\/12&#8243;][vc_single_image image=&#8221;1587&#8243; img_size=&#8221;246&#215;869&#8243; alignment=&#8221;center&#8221;][\/vc_column][vc_column width=&#8221;7\/12&#8243;][vc_column_text css=&#8221;.vc_custom_1773834709388{margin-top: 150px !important;}&#8221;] WINE FAMILIA PACHECO, BLANCO (white wine) VARIETIES Air\u00e9n, Macabeo and&#8230;<\/p>\n","protected":false},"author":1,"featured_media":2735,"parent":3049,"menu_order":0,"comment_status":"closed","ping_status":"closed","template":"","meta":{"footnotes":""},"class_list":["post-3801","page","type-page","status-publish","has-post-thumbnail","hentry","familia_de_producto-wines"],"yoast_head":"<!-- This site is optimized with the Yoast SEO plugin v27.2 - https:\/\/yoast.com\/product\/yoast-seo-wordpress\/ -->\n<title>Familia Pacheco Blanco | Bodegas Vi\u00f1a Elena<\/title>\n<meta name=\"description\" content=\"De uva Air\u00e9n, un vino joven con la frescura y frutosidad t\u00edpica de la variedad adaptada a la zona de Jumilla.\" \/>\n<meta name=\"robots\" content=\"index, follow, max-snippet:-1, max-image-preview:large, max-video-preview:-1\" \/>\n<link rel=\"canonical\" href=\"https:\/\/vinaelena.com\/en\/products\/wines\/vino-familia-pacheco-blanco\/\" \/>\n<meta property=\"og:locale\" content=\"en_US\" \/>\n<meta property=\"og:type\" content=\"article\" \/>\n<meta property=\"og:title\" content=\"Familia Pacheco Blanco | Bodegas Vi\u00f1a Elena\" \/>\n<meta property=\"og:description\" content=\"De uva Air\u00e9n, un vino joven con la frescura y frutosidad t\u00edpica de la variedad adaptada a la zona de Jumilla.\" \/>\n<meta property=\"og:url\" content=\"https:\/\/vinaelena.com\/en\/products\/wines\/vino-familia-pacheco-blanco\/\" \/>\n<meta property=\"og:site_name\" content=\"Bodegas Vi\u00f1a Elena\" \/>\n<meta property=\"article:modified_time\" content=\"2026-03-18T11:53:54+00:00\" \/>\n<meta property=\"og:image\" content=\"https:\/\/vinaelena.com\/content-nx\/uploads\/2022\/06\/Vino-Familia-Pacheco-Blanco-1.jpg\" \/>\n\t<meta property=\"og:image:width\" content=\"700\" \/>\n\t<meta property=\"og:image:height\" content=\"700\" \/>\n\t<meta property=\"og:image:type\" content=\"image\/jpeg\" \/>\n<meta name=\"twitter:card\" content=\"summary_large_image\" \/>\n<meta name=\"twitter:label1\" content=\"Est. reading time\" \/>\n\t<meta name=\"twitter:data1\" content=\"1 minute\" \/>\n<script type=\"application\/ld+json\" class=\"yoast-schema-graph\">{\"@context\":\"https:\/\/schema.org\",\"@graph\":[{\"@type\":\"WebPage\",\"@id\":\"https:\/\/vinaelena.com\/en\/products\/wines\/vino-familia-pacheco-blanco\/\",\"url\":\"https:\/\/vinaelena.com\/en\/products\/wines\/vino-familia-pacheco-blanco\/\",\"name\":\"Familia Pacheco Blanco | Bodegas Vi\u00f1a Elena\",\"isPartOf\":{\"@id\":\"https:\/\/vinaelena.com\/en\/#website\"},\"primaryImageOfPage\":{\"@id\":\"https:\/\/vinaelena.com\/en\/products\/wines\/vino-familia-pacheco-blanco\/#primaryimage\"},\"image\":{\"@id\":\"https:\/\/vinaelena.com\/en\/products\/wines\/vino-familia-pacheco-blanco\/#primaryimage\"},\"thumbnailUrl\":\"https:\/\/vinaelena.com\/content-nx\/uploads\/2022\/06\/Vino-Familia-Pacheco-Blanco-1.jpg\",\"datePublished\":\"2022-06-14T07:57:07+00:00\",\"dateModified\":\"2026-03-18T11:53:54+00:00\",\"description\":\"De uva Air\u00e9n, un vino joven con la frescura y frutosidad t\u00edpica de la variedad adaptada a la zona de Jumilla.\",\"breadcrumb\":{\"@id\":\"https:\/\/vinaelena.com\/en\/products\/wines\/vino-familia-pacheco-blanco\/#breadcrumb\"},\"inLanguage\":\"en-US\",\"potentialAction\":[{\"@type\":\"ReadAction\",\"target\":[\"https:\/\/vinaelena.com\/en\/products\/wines\/vino-familia-pacheco-blanco\/\"]}]},{\"@type\":\"ImageObject\",\"inLanguage\":\"en-US\",\"@id\":\"https:\/\/vinaelena.com\/en\/products\/wines\/vino-familia-pacheco-blanco\/#primaryimage\",\"url\":\"https:\/\/vinaelena.com\/content-nx\/uploads\/2022\/06\/Vino-Familia-Pacheco-Blanco-1.jpg\",\"contentUrl\":\"https:\/\/vinaelena.com\/content-nx\/uploads\/2022\/06\/Vino-Familia-Pacheco-Blanco-1.jpg\",\"width\":700,\"height\":700,\"caption\":\"Vino Familia Pacheco Blanco\"},{\"@type\":\"BreadcrumbList\",\"@id\":\"https:\/\/vinaelena.com\/en\/products\/wines\/vino-familia-pacheco-blanco\/#breadcrumb\",\"itemListElement\":[{\"@type\":\"ListItem\",\"position\":1,\"name\":\"Products\",\"item\":\"https:\/\/vinaelena.com\/en\/products\/\"},{\"@type\":\"ListItem\",\"position\":2,\"name\":\"Wines\",\"item\":\"https:\/\/vinaelena.com\/en\/products\/wines\/\"},{\"@type\":\"ListItem\",\"position\":3,\"name\":\"Familia Pacheco Blanco\"}]},{\"@type\":\"WebSite\",\"@id\":\"https:\/\/vinaelena.com\/en\/#website\",\"url\":\"https:\/\/vinaelena.com\/en\/\",\"name\":\"Bodegas Vi\u00f1a Elena\",\"description\":\"Wines from Jumilla. Wine tourism\",\"publisher\":{\"@id\":\"https:\/\/vinaelena.com\/en\/#organization\"},\"potentialAction\":[{\"@type\":\"SearchAction\",\"target\":{\"@type\":\"EntryPoint\",\"urlTemplate\":\"https:\/\/vinaelena.com\/en\/?s={search_term_string}\"},\"query-input\":{\"@type\":\"PropertyValueSpecification\",\"valueRequired\":true,\"valueName\":\"search_term_string\"}}],\"inLanguage\":\"en-US\"},{\"@type\":\"Organization\",\"@id\":\"https:\/\/vinaelena.com\/en\/#organization\",\"name\":\"Bodegas Vi\u00f1a Elena\",\"url\":\"https:\/\/vinaelena.com\/en\/\",\"logo\":{\"@type\":\"ImageObject\",\"inLanguage\":\"en-US\",\"@id\":\"https:\/\/vinaelena.com\/en\/#\/schema\/logo\/image\/\",\"url\":\"https:\/\/vinaelena.com\/content-nx\/uploads\/2022\/06\/logo_VinaElena-cuadrado.png\",\"contentUrl\":\"https:\/\/vinaelena.com\/content-nx\/uploads\/2022\/06\/logo_VinaElena-cuadrado.png\",\"width\":500,\"height\":500,\"caption\":\"Bodegas Vi\u00f1a Elena\"},\"image\":{\"@id\":\"https:\/\/vinaelena.com\/en\/#\/schema\/logo\/image\/\"}}]}<\/script>\n<!-- \/ Yoast SEO plugin. -->","yoast_head_json":{"title":"Familia Pacheco Blanco | Bodegas Vi\u00f1a Elena","description":"De uva Air\u00e9n, un vino joven con la frescura y frutosidad t\u00edpica de la variedad adaptada a la zona de Jumilla.","robots":{"index":"index","follow":"follow","max-snippet":"max-snippet:-1","max-image-preview":"max-image-preview:large","max-video-preview":"max-video-preview:-1"},"canonical":"https:\/\/vinaelena.com\/en\/products\/wines\/vino-familia-pacheco-blanco\/","og_locale":"en_US","og_type":"article","og_title":"Familia Pacheco Blanco | Bodegas Vi\u00f1a Elena","og_description":"De uva Air\u00e9n, un vino joven con la frescura y frutosidad t\u00edpica de la variedad adaptada a la zona de Jumilla.","og_url":"https:\/\/vinaelena.com\/en\/products\/wines\/vino-familia-pacheco-blanco\/","og_site_name":"Bodegas Vi\u00f1a Elena","article_modified_time":"2026-03-18T11:53:54+00:00","og_image":[{"width":700,"height":700,"url":"https:\/\/vinaelena.com\/content-nx\/uploads\/2022\/06\/Vino-Familia-Pacheco-Blanco-1.jpg","type":"image\/jpeg"}],"twitter_card":"summary_large_image","twitter_misc":{"Est. reading time":"1 minute"},"schema":{"@context":"https:\/\/schema.org","@graph":[{"@type":"WebPage","@id":"https:\/\/vinaelena.com\/en\/products\/wines\/vino-familia-pacheco-blanco\/","url":"https:\/\/vinaelena.com\/en\/products\/wines\/vino-familia-pacheco-blanco\/","name":"Familia Pacheco Blanco | Bodegas Vi\u00f1a Elena","isPartOf":{"@id":"https:\/\/vinaelena.com\/en\/#website"},"primaryImageOfPage":{"@id":"https:\/\/vinaelena.com\/en\/products\/wines\/vino-familia-pacheco-blanco\/#primaryimage"},"image":{"@id":"https:\/\/vinaelena.com\/en\/products\/wines\/vino-familia-pacheco-blanco\/#primaryimage"},"thumbnailUrl":"https:\/\/vinaelena.com\/content-nx\/uploads\/2022\/06\/Vino-Familia-Pacheco-Blanco-1.jpg","datePublished":"2022-06-14T07:57:07+00:00","dateModified":"2026-03-18T11:53:54+00:00","description":"De uva Air\u00e9n, un vino joven con la frescura y frutosidad t\u00edpica de la variedad adaptada a la zona de Jumilla.","breadcrumb":{"@id":"https:\/\/vinaelena.com\/en\/products\/wines\/vino-familia-pacheco-blanco\/#breadcrumb"},"inLanguage":"en-US","potentialAction":[{"@type":"ReadAction","target":["https:\/\/vinaelena.com\/en\/products\/wines\/vino-familia-pacheco-blanco\/"]}]},{"@type":"ImageObject","inLanguage":"en-US","@id":"https:\/\/vinaelena.com\/en\/products\/wines\/vino-familia-pacheco-blanco\/#primaryimage","url":"https:\/\/vinaelena.com\/content-nx\/uploads\/2022\/06\/Vino-Familia-Pacheco-Blanco-1.jpg","contentUrl":"https:\/\/vinaelena.com\/content-nx\/uploads\/2022\/06\/Vino-Familia-Pacheco-Blanco-1.jpg","width":700,"height":700,"caption":"Vino Familia Pacheco Blanco"},{"@type":"BreadcrumbList","@id":"https:\/\/vinaelena.com\/en\/products\/wines\/vino-familia-pacheco-blanco\/#breadcrumb","itemListElement":[{"@type":"ListItem","position":1,"name":"Products","item":"https:\/\/vinaelena.com\/en\/products\/"},{"@type":"ListItem","position":2,"name":"Wines","item":"https:\/\/vinaelena.com\/en\/products\/wines\/"},{"@type":"ListItem","position":3,"name":"Familia Pacheco Blanco"}]},{"@type":"WebSite","@id":"https:\/\/vinaelena.com\/en\/#website","url":"https:\/\/vinaelena.com\/en\/","name":"Bodegas Vi\u00f1a Elena","description":"Wines from Jumilla. Wine tourism","publisher":{"@id":"https:\/\/vinaelena.com\/en\/#organization"},"potentialAction":[{"@type":"SearchAction","target":{"@type":"EntryPoint","urlTemplate":"https:\/\/vinaelena.com\/en\/?s={search_term_string}"},"query-input":{"@type":"PropertyValueSpecification","valueRequired":true,"valueName":"search_term_string"}}],"inLanguage":"en-US"},{"@type":"Organization","@id":"https:\/\/vinaelena.com\/en\/#organization","name":"Bodegas Vi\u00f1a Elena","url":"https:\/\/vinaelena.com\/en\/","logo":{"@type":"ImageObject","inLanguage":"en-US","@id":"https:\/\/vinaelena.com\/en\/#\/schema\/logo\/image\/","url":"https:\/\/vinaelena.com\/content-nx\/uploads\/2022\/06\/logo_VinaElena-cuadrado.png","contentUrl":"https:\/\/vinaelena.com\/content-nx\/uploads\/2022\/06\/logo_VinaElena-cuadrado.png","width":500,"height":500,"caption":"Bodegas Vi\u00f1a Elena"},"image":{"@id":"https:\/\/vinaelena.com\/en\/#\/schema\/logo\/image\/"}}]}},"_links":{"self":[{"href":"https:\/\/vinaelena.com\/en\/wp-json\/wp\/v2\/pages\/3801","targetHints":{"allow":["GET"]}}],"collection":[{"href":"https:\/\/vinaelena.com\/en\/wp-json\/wp\/v2\/pages"}],"about":[{"href":"https:\/\/vinaelena.com\/en\/wp-json\/wp\/v2\/types\/page"}],"author":[{"embeddable":true,"href":"https:\/\/vinaelena.com\/en\/wp-json\/wp\/v2\/users\/1"}],"replies":[{"embeddable":true,"href":"https:\/\/vinaelena.com\/en\/wp-json\/wp\/v2\/comments?post=3801"}],"version-history":[{"count":14,"href":"https:\/\/vinaelena.com\/en\/wp-json\/wp\/v2\/pages\/3801\/revisions"}],"predecessor-version":[{"id":6035,"href":"https:\/\/vinaelena.com\/en\/wp-json\/wp\/v2\/pages\/3801\/revisions\/6035"}],"up":[{"embeddable":true,"href":"https:\/\/vinaelena.com\/en\/wp-json\/wp\/v2\/pages\/3049"}],"wp:featuredmedia":[{"embeddable":true,"href":"https:\/\/vinaelena.com\/en\/wp-json\/wp\/v2\/media\/2735"}],"wp:attachment":[{"href":"https:\/\/vinaelena.com\/en\/wp-json\/wp\/v2\/media?parent=3801"}],"curies":[{"name":"wp","href":"https:\/\/api.w.org\/{rel}","templated":true}]}}