{"id":3816,"date":"2023-03-14T15:23:56","date_gmt":"2023-03-14T15:23:56","guid":{"rendered":"https:\/\/vinaelena.com\/sintesis\/"},"modified":"2025-06-10T09:29:48","modified_gmt":"2025-06-10T09:29:48","slug":"sintesis","status":"publish","type":"page","link":"https:\/\/vinaelena.com\/en\/products\/wines\/sintesis\/","title":{"rendered":"S\u00edntesis"},"content":{"rendered":"<p>[vc_row full_width=&#8221;stretch_row&#8221;][vc_column]<section class=\"page-title page-title-4 bg-secondary\">\n\t\t\t\t<div class=\"container\">\n\t\t\t\t    <div class=\"row\">\n\t\t\t\t    \n\t\t\t\t        <div class=\"col-md-6\">\n\t\t\t\t            <h3 class=\"uppercase mb0\">\n\t\t\t\t            \t S\u00edntesis\n\t\t\t\t            <\/h3>\n\t\t\t\t        <\/div>\n\t\t\t\t        \n\t\t\t\t        <div class=\"col-md-6 text-right\">\n\t\t\t\t        \t<ol class=\"breadcrumb breadcrumb-2\"><li><a href=\"https:\/\/vinaelena.com\/en\/\" class=\"home-link\" rel=\"home\">Home<\/a><\/li><li><a href=\"https:\/\/vinaelena.com\/en\/products\/\">Products<\/a><\/li><li><a href=\"https:\/\/vinaelena.com\/en\/products\/wines\/\">Wines<\/a><\/li><li class=\"active\">S\u00edntesis<\/li><\/ol>\n\t\t\t\t        <\/div>\n\t\t\t\t        \n\t\t\t\t    <\/div>\n\t\t\t\t<\/div>\n\t\t\t<\/section>\n\t\t[\/vc_column][\/vc_row][vc_row foundry_padding=&#8221;pt0&#8243;][vc_column width=&#8221;1\/3&#8243;][vc_single_image image=&#8221;5657&#8243; img_size=&#8221;246&#215;869&#8243; alignment=&#8221;center&#8221;][\/vc_column][vc_column width=&#8221;2\/3&#8243;][vc_column_text css=&#8221;.vc_custom_1749547779582{margin-top: 150px !important;}&#8221;]<\/p>\n<table>\n<tbody>\n<tr>\n<td>WINE<\/td>\n<td>S\u00cdNTESIS<\/td>\n<\/tr>\n<tr>\n<td>VARIETY<\/td>\n<td>Monastrell and Syrah<\/td>\n<\/tr>\n<tr>\n<td>ABV<\/td>\n<td>15.0 %<\/td>\n<\/tr>\n<tr>\n<td>VINEYARD<\/td>\n<td>Monastrell: sourced from El T\u00e9rmino de Arriba in Jumilla, with sandy soils containing pebbles and limestone, at an altitude of 700 meters, surrounded by Mediterranean scrubland. Syrah: sourced from the Estrecho de Mar\u00edn valley, with poor sandy-loam soils, at an altitude of 360 meters.<\/td>\n<\/tr>\n<tr>\n<td>VINTAGE<\/td>\n<td>2022<\/td>\n<\/tr>\n<tr>\n<td>AGEING<\/td>\n<td>20 months<\/td>\n<\/tr>\n<tr>\n<td>DOP<\/td>\n<td>Jumilla<\/td>\n<\/tr>\n<tr>\n<td>TASTING NOTE<\/td>\n<td>On the nose, it displays dominant aromas of black fruit, with hints of cocoa powder and the distinctive notes of Mediterranean scrubland. On the palate, it is broad, flavorful, with a refreshing acidity that provides fluidity, juiciness, and persistence.<\/td>\n<\/tr>\n<\/tbody>\n<\/table>\n<p>[\/vc_column_text][vc_separator][vc_btn title=&#8221;Buy online (in Spain only)&#8221; color=&#8221;danger&#8221; link=&#8221;url:https%3A%2F%2Fmaticesgourmet.es%2Fen%2Fwine-familia-pacheco-sintesis|target:_blank&#8221;][\/vc_column][\/vc_row]<\/p>\n","protected":false},"excerpt":{"rendered":"<p>[vc_row full_width=&#8221;stretch_row&#8221;][vc_column][\/vc_column][\/vc_row][vc_row foundry_padding=&#8221;pt0&#8243;][vc_column width=&#8221;1\/3&#8243;][vc_single_image image=&#8221;5657&#8243; img_size=&#8221;246&#215;869&#8243; alignment=&#8221;center&#8221;][\/vc_column][vc_column width=&#8221;2\/3&#8243;][vc_column_text css=&#8221;.vc_custom_1749547779582{margin-top: 150px !important;}&#8221;] WINE S\u00cdNTESIS VARIETY Monastrell and Syrah ABV 15.0 % VINEYARD&#8230;<\/p>\n","protected":false},"author":1,"featured_media":5730,"parent":3049,"menu_order":0,"comment_status":"closed","ping_status":"closed","template":"","meta":{"footnotes":""},"class_list":["post-3816","page","type-page","status-publish","has-post-thumbnail","hentry","familia_de_producto-wines"],"yoast_head":"<!-- This site is optimized with the Yoast SEO plugin v27.2 - https:\/\/yoast.com\/product\/yoast-seo-wordpress\/ -->\n<title>S\u00edntesis | Bodegas Vi\u00f1a Elena<\/title>\n<meta name=\"robots\" content=\"index, follow, max-snippet:-1, max-image-preview:large, max-video-preview:-1\" \/>\n<link rel=\"canonical\" href=\"https:\/\/vinaelena.com\/en\/products\/wines\/sintesis\/\" \/>\n<meta property=\"og:locale\" content=\"en_US\" \/>\n<meta property=\"og:type\" content=\"article\" \/>\n<meta property=\"og:title\" content=\"S\u00edntesis | Bodegas Vi\u00f1a Elena\" \/>\n<meta property=\"og:description\" content=\"[vc_row full_width=&#8221;stretch_row&#8221;][vc_column][\/vc_column][\/vc_row][vc_row foundry_padding=&#8221;pt0&#8243;][vc_column width=&#8221;1\/3&#8243;][vc_single_image image=&#8221;5657&#8243; img_size=&#8221;246&#215;869&#8243; alignment=&#8221;center&#8221;][\/vc_column][vc_column width=&#8221;2\/3&#8243;][vc_column_text css=&#8221;.vc_custom_1749547779582{margin-top: 150px !important;}&#8221;] WINE S\u00cdNTESIS VARIETY Monastrell and Syrah ABV 15.0 % VINEYARD...\" \/>\n<meta property=\"og:url\" content=\"https:\/\/vinaelena.com\/en\/products\/wines\/sintesis\/\" \/>\n<meta property=\"og:site_name\" content=\"Bodegas Vi\u00f1a Elena\" \/>\n<meta property=\"article:modified_time\" content=\"2025-06-10T09:29:48+00:00\" \/>\n<meta property=\"og:image\" content=\"https:\/\/vinaelena.com\/content-nx\/uploads\/2025\/06\/FamiliaPacheco-Sintesis-2022.jpg\" \/>\n\t<meta property=\"og:image:width\" content=\"700\" \/>\n\t<meta property=\"og:image:height\" content=\"700\" \/>\n\t<meta property=\"og:image:type\" content=\"image\/jpeg\" \/>\n<meta name=\"twitter:card\" content=\"summary_large_image\" \/>\n<meta name=\"twitter:label1\" content=\"Est. reading time\" \/>\n\t<meta name=\"twitter:data1\" content=\"1 minute\" \/>\n<script type=\"application\/ld+json\" class=\"yoast-schema-graph\">{\"@context\":\"https:\/\/schema.org\",\"@graph\":[{\"@type\":\"WebPage\",\"@id\":\"https:\/\/vinaelena.com\/en\/products\/wines\/sintesis\/\",\"url\":\"https:\/\/vinaelena.com\/en\/products\/wines\/sintesis\/\",\"name\":\"S\u00edntesis | Bodegas Vi\u00f1a Elena\",\"isPartOf\":{\"@id\":\"https:\/\/vinaelena.com\/en\/#website\"},\"primaryImageOfPage\":{\"@id\":\"https:\/\/vinaelena.com\/en\/products\/wines\/sintesis\/#primaryimage\"},\"image\":{\"@id\":\"https:\/\/vinaelena.com\/en\/products\/wines\/sintesis\/#primaryimage\"},\"thumbnailUrl\":\"https:\/\/vinaelena.com\/content-nx\/uploads\/2025\/06\/FamiliaPacheco-Sintesis-2022.jpg\",\"datePublished\":\"2023-03-14T15:23:56+00:00\",\"dateModified\":\"2025-06-10T09:29:48+00:00\",\"breadcrumb\":{\"@id\":\"https:\/\/vinaelena.com\/en\/products\/wines\/sintesis\/#breadcrumb\"},\"inLanguage\":\"en-US\",\"potentialAction\":[{\"@type\":\"ReadAction\",\"target\":[\"https:\/\/vinaelena.com\/en\/products\/wines\/sintesis\/\"]}]},{\"@type\":\"ImageObject\",\"inLanguage\":\"en-US\",\"@id\":\"https:\/\/vinaelena.com\/en\/products\/wines\/sintesis\/#primaryimage\",\"url\":\"https:\/\/vinaelena.com\/content-nx\/uploads\/2025\/06\/FamiliaPacheco-Sintesis-2022.jpg\",\"contentUrl\":\"https:\/\/vinaelena.com\/content-nx\/uploads\/2025\/06\/FamiliaPacheco-Sintesis-2022.jpg\",\"width\":700,\"height\":700,\"caption\":\"S\u00edntesis de Vi\u00f1a Elena - Nueva edici\u00f3n\"},{\"@type\":\"BreadcrumbList\",\"@id\":\"https:\/\/vinaelena.com\/en\/products\/wines\/sintesis\/#breadcrumb\",\"itemListElement\":[{\"@type\":\"ListItem\",\"position\":1,\"name\":\"Products\",\"item\":\"https:\/\/vinaelena.com\/en\/products\/\"},{\"@type\":\"ListItem\",\"position\":2,\"name\":\"Wines\",\"item\":\"https:\/\/vinaelena.com\/en\/products\/wines\/\"},{\"@type\":\"ListItem\",\"position\":3,\"name\":\"S\u00edntesis\"}]},{\"@type\":\"WebSite\",\"@id\":\"https:\/\/vinaelena.com\/en\/#website\",\"url\":\"https:\/\/vinaelena.com\/en\/\",\"name\":\"Bodegas Vi\u00f1a Elena\",\"description\":\"Wines from Jumilla. Wine tourism\",\"publisher\":{\"@id\":\"https:\/\/vinaelena.com\/en\/#organization\"},\"potentialAction\":[{\"@type\":\"SearchAction\",\"target\":{\"@type\":\"EntryPoint\",\"urlTemplate\":\"https:\/\/vinaelena.com\/en\/?s={search_term_string}\"},\"query-input\":{\"@type\":\"PropertyValueSpecification\",\"valueRequired\":true,\"valueName\":\"search_term_string\"}}],\"inLanguage\":\"en-US\"},{\"@type\":\"Organization\",\"@id\":\"https:\/\/vinaelena.com\/en\/#organization\",\"name\":\"Bodegas Vi\u00f1a Elena\",\"url\":\"https:\/\/vinaelena.com\/en\/\",\"logo\":{\"@type\":\"ImageObject\",\"inLanguage\":\"en-US\",\"@id\":\"https:\/\/vinaelena.com\/en\/#\/schema\/logo\/image\/\",\"url\":\"https:\/\/vinaelena.com\/content-nx\/uploads\/2022\/06\/logo_VinaElena-cuadrado.png\",\"contentUrl\":\"https:\/\/vinaelena.com\/content-nx\/uploads\/2022\/06\/logo_VinaElena-cuadrado.png\",\"width\":500,\"height\":500,\"caption\":\"Bodegas Vi\u00f1a Elena\"},\"image\":{\"@id\":\"https:\/\/vinaelena.com\/en\/#\/schema\/logo\/image\/\"}}]}<\/script>\n<!-- \/ Yoast SEO plugin. -->","yoast_head_json":{"title":"S\u00edntesis | Bodegas Vi\u00f1a Elena","robots":{"index":"index","follow":"follow","max-snippet":"max-snippet:-1","max-image-preview":"max-image-preview:large","max-video-preview":"max-video-preview:-1"},"canonical":"https:\/\/vinaelena.com\/en\/products\/wines\/sintesis\/","og_locale":"en_US","og_type":"article","og_title":"S\u00edntesis | Bodegas Vi\u00f1a Elena","og_description":"[vc_row full_width=&#8221;stretch_row&#8221;][vc_column][\/vc_column][\/vc_row][vc_row foundry_padding=&#8221;pt0&#8243;][vc_column width=&#8221;1\/3&#8243;][vc_single_image image=&#8221;5657&#8243; img_size=&#8221;246&#215;869&#8243; alignment=&#8221;center&#8221;][\/vc_column][vc_column width=&#8221;2\/3&#8243;][vc_column_text css=&#8221;.vc_custom_1749547779582{margin-top: 150px !important;}&#8221;] WINE S\u00cdNTESIS VARIETY Monastrell and Syrah ABV 15.0 % VINEYARD...","og_url":"https:\/\/vinaelena.com\/en\/products\/wines\/sintesis\/","og_site_name":"Bodegas Vi\u00f1a Elena","article_modified_time":"2025-06-10T09:29:48+00:00","og_image":[{"width":700,"height":700,"url":"https:\/\/vinaelena.com\/content-nx\/uploads\/2025\/06\/FamiliaPacheco-Sintesis-2022.jpg","type":"image\/jpeg"}],"twitter_card":"summary_large_image","twitter_misc":{"Est. reading time":"1 minute"},"schema":{"@context":"https:\/\/schema.org","@graph":[{"@type":"WebPage","@id":"https:\/\/vinaelena.com\/en\/products\/wines\/sintesis\/","url":"https:\/\/vinaelena.com\/en\/products\/wines\/sintesis\/","name":"S\u00edntesis | Bodegas Vi\u00f1a Elena","isPartOf":{"@id":"https:\/\/vinaelena.com\/en\/#website"},"primaryImageOfPage":{"@id":"https:\/\/vinaelena.com\/en\/products\/wines\/sintesis\/#primaryimage"},"image":{"@id":"https:\/\/vinaelena.com\/en\/products\/wines\/sintesis\/#primaryimage"},"thumbnailUrl":"https:\/\/vinaelena.com\/content-nx\/uploads\/2025\/06\/FamiliaPacheco-Sintesis-2022.jpg","datePublished":"2023-03-14T15:23:56+00:00","dateModified":"2025-06-10T09:29:48+00:00","breadcrumb":{"@id":"https:\/\/vinaelena.com\/en\/products\/wines\/sintesis\/#breadcrumb"},"inLanguage":"en-US","potentialAction":[{"@type":"ReadAction","target":["https:\/\/vinaelena.com\/en\/products\/wines\/sintesis\/"]}]},{"@type":"ImageObject","inLanguage":"en-US","@id":"https:\/\/vinaelena.com\/en\/products\/wines\/sintesis\/#primaryimage","url":"https:\/\/vinaelena.com\/content-nx\/uploads\/2025\/06\/FamiliaPacheco-Sintesis-2022.jpg","contentUrl":"https:\/\/vinaelena.com\/content-nx\/uploads\/2025\/06\/FamiliaPacheco-Sintesis-2022.jpg","width":700,"height":700,"caption":"S\u00edntesis de Vi\u00f1a Elena - Nueva edici\u00f3n"},{"@type":"BreadcrumbList","@id":"https:\/\/vinaelena.com\/en\/products\/wines\/sintesis\/#breadcrumb","itemListElement":[{"@type":"ListItem","position":1,"name":"Products","item":"https:\/\/vinaelena.com\/en\/products\/"},{"@type":"ListItem","position":2,"name":"Wines","item":"https:\/\/vinaelena.com\/en\/products\/wines\/"},{"@type":"ListItem","position":3,"name":"S\u00edntesis"}]},{"@type":"WebSite","@id":"https:\/\/vinaelena.com\/en\/#website","url":"https:\/\/vinaelena.com\/en\/","name":"Bodegas Vi\u00f1a Elena","description":"Wines from Jumilla. Wine tourism","publisher":{"@id":"https:\/\/vinaelena.com\/en\/#organization"},"potentialAction":[{"@type":"SearchAction","target":{"@type":"EntryPoint","urlTemplate":"https:\/\/vinaelena.com\/en\/?s={search_term_string}"},"query-input":{"@type":"PropertyValueSpecification","valueRequired":true,"valueName":"search_term_string"}}],"inLanguage":"en-US"},{"@type":"Organization","@id":"https:\/\/vinaelena.com\/en\/#organization","name":"Bodegas Vi\u00f1a Elena","url":"https:\/\/vinaelena.com\/en\/","logo":{"@type":"ImageObject","inLanguage":"en-US","@id":"https:\/\/vinaelena.com\/en\/#\/schema\/logo\/image\/","url":"https:\/\/vinaelena.com\/content-nx\/uploads\/2022\/06\/logo_VinaElena-cuadrado.png","contentUrl":"https:\/\/vinaelena.com\/content-nx\/uploads\/2022\/06\/logo_VinaElena-cuadrado.png","width":500,"height":500,"caption":"Bodegas Vi\u00f1a Elena"},"image":{"@id":"https:\/\/vinaelena.com\/en\/#\/schema\/logo\/image\/"}}]}},"_links":{"self":[{"href":"https:\/\/vinaelena.com\/en\/wp-json\/wp\/v2\/pages\/3816","targetHints":{"allow":["GET"]}}],"collection":[{"href":"https:\/\/vinaelena.com\/en\/wp-json\/wp\/v2\/pages"}],"about":[{"href":"https:\/\/vinaelena.com\/en\/wp-json\/wp\/v2\/types\/page"}],"author":[{"embeddable":true,"href":"https:\/\/vinaelena.com\/en\/wp-json\/wp\/v2\/users\/1"}],"replies":[{"embeddable":true,"href":"https:\/\/vinaelena.com\/en\/wp-json\/wp\/v2\/comments?post=3816"}],"version-history":[{"count":6,"href":"https:\/\/vinaelena.com\/en\/wp-json\/wp\/v2\/pages\/3816\/revisions"}],"predecessor-version":[{"id":5745,"href":"https:\/\/vinaelena.com\/en\/wp-json\/wp\/v2\/pages\/3816\/revisions\/5745"}],"up":[{"embeddable":true,"href":"https:\/\/vinaelena.com\/en\/wp-json\/wp\/v2\/pages\/3049"}],"wp:featuredmedia":[{"embeddable":true,"href":"https:\/\/vinaelena.com\/en\/wp-json\/wp\/v2\/media\/5730"}],"wp:attachment":[{"href":"https:\/\/vinaelena.com\/en\/wp-json\/wp\/v2\/media?parent=3816"}],"curies":[{"name":"wp","href":"https:\/\/api.w.org\/{rel}","templated":true}]}}