{"id":3841,"date":"2022-07-13T15:55:56","date_gmt":"2022-07-13T15:55:56","guid":{"rendered":"https:\/\/vinaelena.com\/politica-de-cookies\/"},"modified":"2022-07-13T16:01:31","modified_gmt":"2022-07-13T16:01:31","slug":"cookie-policy","status":"publish","type":"page","link":"https:\/\/vinaelena.com\/en\/cookie-policy\/","title":{"rendered":"Cookie Policy"},"content":{"rendered":"<p>[vc_row][vc_column][vc_column_text]<\/p>\n<h1>COOKIE POLICY<\/h1>\n<p>Una <em>cookie<\/em> es un peque\u00f1o fichero de texto que se almacena en su navegador cuando visita casi cualquier p\u00e1gina web. Su utilidad es que la web sea capaz de recordar su visita cuando vuelva a navegar por esa p\u00e1gina. Las <em>cookies<\/em> suelen almacenar informaci\u00f3n de car\u00e1cter t\u00e9cnico, preferencias personales, personalizaci\u00f3n de contenidos, estad\u00edsticas de uso, enlaces a redes sociales, acceso a cuentas de usuario, etc. El objetivo de la <em>cookie<\/em> es adaptar el contenido de la web a su perfil y necesidades, sin <em>cookies<\/em> los servicios ofrecidos por cualquier p\u00e1gina se ver\u00edan mermados notablemente.<\/p>\n<h2>Cookies utilizadas en este sitio web<\/h2>\n<p>Siguiendo las directrices de la Agencia Espa\u00f1ola de Protecci\u00f3n de Datos procedemos a detallar el uso de <em>cookies<\/em> que hace esta web con el fin de informarle con la m\u00e1xima exactitud posible.<\/p>\n<p>Este sitio web utiliza las siguientes <strong>cookies propias<\/strong>:<\/p>\n<ul>\n<li>Cookies de sesi\u00f3n, para garantizar que los usuarios que escriban comentarios en el blog sean humanos y no aplicaciones automatizadas. De esta forma se combate el <em>spam<\/em>.<\/li>\n<\/ul>\n<p>&nbsp;<\/p>\n<table width=\"100%\">\n<thead>\n<tr>\n<td><strong>Cookie<\/strong><\/td>\n<td><strong>Nombre<\/strong><\/td>\n<td><strong>Prop\u00f3sito<\/strong><\/td>\n<\/tr>\n<\/thead>\n<tbody>\n<tr>\n<td>De Sesi\u00f3n<\/td>\n<td>PHPSESSID<\/td>\n<td>Esta cookie es usada por el lenguaje de encriptado PHP para permitir que las variables de SESI\u00d3N sean guardadas en el servidor web. Esta cookies son esenciales para el funcionamiento de la web.<\/td>\n<\/tr>\n<tr>\n<td>T\u00e9cnica<\/td>\n<td>cookie_consent<\/td>\n<td>Esta cookie se usa para gestionar si se acepta o no la pol\u00edtica de cookies para eliminar el banner de notificaci\u00f3n sobre la navegaci\u00f3n.<\/td>\n<\/tr>\n<\/tbody>\n<\/table>\n<p>&nbsp;<\/p>\n<p>Este sitio web utiliza las siguientes <strong>cookies de terceros<\/strong>:<\/p>\n<ul>\n<li>Google Analytics: Almacena <em>cookies<\/em> para poder elaborar estad\u00edsticas sobre el tr\u00e1fico y volumen de visitas de esta web. Al utilizar este sitio web est\u00e1 consintiendo el tratamiento de informaci\u00f3n acerca de usted por Google. Por tanto, el ejercicio de cualquier derecho en este sentido deber\u00e1 hacerlo comunicando directamente con Google.<\/li>\n<li>Redes sociales: Cada red social utiliza sus propias <em>cookies<\/em> para que usted pueda pinchar en botones del tipo <em>Me gusta<\/em> o <em>Compartir<\/em>.<\/li>\n<\/ul>\n<p>&nbsp;<\/p>\n<table width=\"1378\">\n<thead>\n<tr>\n<td><strong>Cookie<\/strong><\/td>\n<td><strong>Identificaci\u00f3n de la cookie<\/strong><\/td>\n<td><strong>Descripci\u00f3n<\/strong><\/td>\n<td><strong>Duraci\u00f3n<\/strong><\/td>\n<\/tr>\n<\/thead>\n<tbody>\n<tr>\n<td>_utma<\/td>\n<td>Terceros(Google Analytics)<\/td>\n<td>Se usa para distinguir usuarios y sesiones. La cookie se crea cuando se ejecuta la biblioteca JavaScript y no hay ninguna cookie __utma. La cookie se actualiza cada vez que se env\u00edan datos a Google Analytics.<\/td>\n<td>Dos a\u00f1os a partir de la configuraci\u00f3n o actualizaci\u00f3n<\/td>\n<\/tr>\n<tr>\n<td>_utmb<\/td>\n<td>Terceros(Google Analytics)<\/td>\n<td>Se usa para distinguir usuarios y sesiones. La cookie se crea cuando se ejecuta la biblioteca JavaScript y no hay ninguna cookie __utma. La cookie se actualiza cada vez que se env\u00edan datos a Google Analytics.<\/td>\n<td>Dos a\u00f1os a partir de la configuraci\u00f3n o actualizaci\u00f3n<\/td>\n<\/tr>\n<tr>\n<td>_utmc<\/td>\n<td>Terceros(Google Analytics)<\/td>\n<td>No se usa en ga.js. Se configura para interactuar con urchin.js. Anteriormente, esta cookie actuaba junto con la cookie__utmb\u00a0para determinar si el usuario estaba en una nueva sesi\u00f3n o visita.<\/td>\n<td>Fin de la sesi\u00f3n del navegador<\/td>\n<\/tr>\n<tr>\n<td>__utmt<\/td>\n<td>Terceros(Google Analytics)<\/td>\n<td>Se usa para limitar el porcentaje de solicitudes.<\/td>\n<td>10 minutos<\/td>\n<\/tr>\n<tr>\n<td>_utmz<\/td>\n<td>Terceros(Google Analytics)<\/td>\n<td>Almacena la fuente de tr\u00e1fico o la campa\u00f1a que explica c\u00f3mo ha llegado el usuario al sitio. La cookie se crea cuando se ejecuta la biblioteca JavaScript y se actualiza cada vez que se env\u00edan datos a Google Analytics.<\/td>\n<td>Seis meses a partir de la configuraci\u00f3n o actualizaci\u00f3n<\/td>\n<\/tr>\n<tr>\n<td>_ga<\/td>\n<td>Terceros(Google Analytics)<\/td>\n<td>Se usa para distinguir a los usuarios.<\/td>\n<td>Dos a\u00f1os<\/td>\n<\/tr>\n<\/tbody>\n<\/table>\n<p>&nbsp;<\/p>\n<h2>Desactivaci\u00f3n o eliminaci\u00f3n de cookies<\/h2>\n<p>En cualquier momento podr\u00e1 ejercer su derecho de desactivaci\u00f3n o eliminaci\u00f3n de cookies de este sitio web. Estas acciones se realizan de forma diferente en funci\u00f3n del navegador que est\u00e9 usando.<\/p>\n<h2>Notas adicionales<\/h2>\n<ul>\n<li>Ni esta web ni sus representantes legales se hacen responsables ni del contenido ni de la veracidad de las pol\u00edticas de privacidad que puedan tener los terceros mencionados en esta pol\u00edtica de <em>cookies<\/em>.<\/li>\n<li>Los navegadores web son las herramientas encargadas de almacenar las <em>cookies<\/em> y desde este lugar debe efectuar su derecho a eliminaci\u00f3n o desactivaci\u00f3n de las mismas. Ni esta web ni sus representantes legales pueden garantizar la correcta o incorrecta manipulaci\u00f3n de las <em>cookies<\/em> por parte de los mencionados navegadores.<\/li>\n<li>En algunos casos es necesario instalar <em>cookies<\/em> para que el navegador no olvide su decisi\u00f3n de no aceptaci\u00f3n de las mismas.<\/li>\n<li>En el caso de las <em>cookies<\/em> de Google Analytics, esta empresa almacena las <em>cookies<\/em> en servidores ubicados en Estados Unidos y se compromete a no compartirla con terceros, excepto en los casos en los que sea necesario para el funcionamiento del sistema o cuando la ley obligue a tal efecto. Seg\u00fan Google no guarda su direcci\u00f3n IP. Google Inc. es una compa\u00f1\u00eda adherida al Acuerdo de Puerto Seguro que garantiza que todos los datos transferidos ser\u00e1n tratados con un nivel de protecci\u00f3n acorde a la normativa europea. Puede consultar informaci\u00f3n detallada a este respecto en este enlace. Si desea informaci\u00f3n sobre el uso que Google da a las cookies le adjuntamos este otro enlace.<\/li>\n<li>Para cualquier duda o consulta acerca de esta pol\u00edtica de <em>cookies<\/em> no dude en comunicarse con nosotros a trav\u00e9s de la secci\u00f3n de contacto.<\/li>\n<\/ul>\n<p>[\/vc_column_text][\/vc_column][\/vc_row]<\/p>\n","protected":false},"excerpt":{"rendered":"<p>[vc_row][vc_column][vc_column_text] COOKIE POLICY Una cookie es un peque\u00f1o fichero de texto que se almacena en su navegador cuando visita casi cualquier&#8230;<\/p>\n","protected":false},"author":1,"featured_media":0,"parent":0,"menu_order":0,"comment_status":"closed","ping_status":"closed","template":"","meta":{"footnotes":""},"class_list":["post-3841","page","type-page","status-publish","hentry"],"yoast_head":"<!-- This site is optimized with the Yoast SEO plugin v27.2 - https:\/\/yoast.com\/product\/yoast-seo-wordpress\/ -->\n<title>Cookie Policy | Bodegas Vi\u00f1a Elena<\/title>\n<meta name=\"robots\" content=\"index, follow, max-snippet:-1, max-image-preview:large, max-video-preview:-1\" \/>\n<link rel=\"canonical\" href=\"https:\/\/vinaelena.com\/en\/cookie-policy\/\" \/>\n<meta property=\"og:locale\" content=\"en_US\" \/>\n<meta property=\"og:type\" content=\"article\" \/>\n<meta property=\"og:title\" content=\"Cookie Policy | Bodegas Vi\u00f1a Elena\" \/>\n<meta property=\"og:description\" content=\"[vc_row][vc_column][vc_column_text] COOKIE POLICY Una cookie es un peque\u00f1o fichero de texto que se almacena en su navegador cuando visita casi cualquier...\" \/>\n<meta property=\"og:url\" content=\"https:\/\/vinaelena.com\/en\/cookie-policy\/\" \/>\n<meta property=\"og:site_name\" content=\"Bodegas Vi\u00f1a Elena\" \/>\n<meta property=\"article:modified_time\" content=\"2022-07-13T16:01:31+00:00\" \/>\n<meta name=\"twitter:card\" content=\"summary_large_image\" \/>\n<script type=\"application\/ld+json\" class=\"yoast-schema-graph\">{\"@context\":\"https:\/\/schema.org\",\"@graph\":[{\"@type\":\"WebPage\",\"@id\":\"https:\/\/vinaelena.com\/en\/cookie-policy\/\",\"url\":\"https:\/\/vinaelena.com\/en\/cookie-policy\/\",\"name\":\"Cookie Policy | Bodegas Vi\u00f1a Elena\",\"isPartOf\":{\"@id\":\"https:\/\/vinaelena.com\/en\/#website\"},\"datePublished\":\"2022-07-13T15:55:56+00:00\",\"dateModified\":\"2022-07-13T16:01:31+00:00\",\"inLanguage\":\"en-US\",\"potentialAction\":[{\"@type\":\"ReadAction\",\"target\":[\"https:\/\/vinaelena.com\/en\/cookie-policy\/\"]}]},{\"@type\":\"WebSite\",\"@id\":\"https:\/\/vinaelena.com\/en\/#website\",\"url\":\"https:\/\/vinaelena.com\/en\/\",\"name\":\"Bodegas Vi\u00f1a Elena\",\"description\":\"Wines from Jumilla. Wine tourism\",\"publisher\":{\"@id\":\"https:\/\/vinaelena.com\/en\/#organization\"},\"potentialAction\":[{\"@type\":\"SearchAction\",\"target\":{\"@type\":\"EntryPoint\",\"urlTemplate\":\"https:\/\/vinaelena.com\/en\/?s={search_term_string}\"},\"query-input\":{\"@type\":\"PropertyValueSpecification\",\"valueRequired\":true,\"valueName\":\"search_term_string\"}}],\"inLanguage\":\"en-US\"},{\"@type\":\"Organization\",\"@id\":\"https:\/\/vinaelena.com\/en\/#organization\",\"name\":\"Bodegas Vi\u00f1a Elena\",\"url\":\"https:\/\/vinaelena.com\/en\/\",\"logo\":{\"@type\":\"ImageObject\",\"inLanguage\":\"en-US\",\"@id\":\"https:\/\/vinaelena.com\/en\/#\/schema\/logo\/image\/\",\"url\":\"https:\/\/vinaelena.com\/content-nx\/uploads\/2022\/06\/logo_VinaElena-cuadrado.png\",\"contentUrl\":\"https:\/\/vinaelena.com\/content-nx\/uploads\/2022\/06\/logo_VinaElena-cuadrado.png\",\"width\":500,\"height\":500,\"caption\":\"Bodegas Vi\u00f1a Elena\"},\"image\":{\"@id\":\"https:\/\/vinaelena.com\/en\/#\/schema\/logo\/image\/\"}}]}<\/script>\n<!-- \/ Yoast SEO plugin. -->","yoast_head_json":{"title":"Cookie Policy | Bodegas Vi\u00f1a Elena","robots":{"index":"index","follow":"follow","max-snippet":"max-snippet:-1","max-image-preview":"max-image-preview:large","max-video-preview":"max-video-preview:-1"},"canonical":"https:\/\/vinaelena.com\/en\/cookie-policy\/","og_locale":"en_US","og_type":"article","og_title":"Cookie Policy | Bodegas Vi\u00f1a Elena","og_description":"[vc_row][vc_column][vc_column_text] COOKIE POLICY Una cookie es un peque\u00f1o fichero de texto que se almacena en su navegador cuando visita casi cualquier...","og_url":"https:\/\/vinaelena.com\/en\/cookie-policy\/","og_site_name":"Bodegas Vi\u00f1a Elena","article_modified_time":"2022-07-13T16:01:31+00:00","twitter_card":"summary_large_image","schema":{"@context":"https:\/\/schema.org","@graph":[{"@type":"WebPage","@id":"https:\/\/vinaelena.com\/en\/cookie-policy\/","url":"https:\/\/vinaelena.com\/en\/cookie-policy\/","name":"Cookie Policy | Bodegas Vi\u00f1a Elena","isPartOf":{"@id":"https:\/\/vinaelena.com\/en\/#website"},"datePublished":"2022-07-13T15:55:56+00:00","dateModified":"2022-07-13T16:01:31+00:00","inLanguage":"en-US","potentialAction":[{"@type":"ReadAction","target":["https:\/\/vinaelena.com\/en\/cookie-policy\/"]}]},{"@type":"WebSite","@id":"https:\/\/vinaelena.com\/en\/#website","url":"https:\/\/vinaelena.com\/en\/","name":"Bodegas Vi\u00f1a Elena","description":"Wines from Jumilla. Wine tourism","publisher":{"@id":"https:\/\/vinaelena.com\/en\/#organization"},"potentialAction":[{"@type":"SearchAction","target":{"@type":"EntryPoint","urlTemplate":"https:\/\/vinaelena.com\/en\/?s={search_term_string}"},"query-input":{"@type":"PropertyValueSpecification","valueRequired":true,"valueName":"search_term_string"}}],"inLanguage":"en-US"},{"@type":"Organization","@id":"https:\/\/vinaelena.com\/en\/#organization","name":"Bodegas Vi\u00f1a Elena","url":"https:\/\/vinaelena.com\/en\/","logo":{"@type":"ImageObject","inLanguage":"en-US","@id":"https:\/\/vinaelena.com\/en\/#\/schema\/logo\/image\/","url":"https:\/\/vinaelena.com\/content-nx\/uploads\/2022\/06\/logo_VinaElena-cuadrado.png","contentUrl":"https:\/\/vinaelena.com\/content-nx\/uploads\/2022\/06\/logo_VinaElena-cuadrado.png","width":500,"height":500,"caption":"Bodegas Vi\u00f1a Elena"},"image":{"@id":"https:\/\/vinaelena.com\/en\/#\/schema\/logo\/image\/"}}]}},"_links":{"self":[{"href":"https:\/\/vinaelena.com\/en\/wp-json\/wp\/v2\/pages\/3841","targetHints":{"allow":["GET"]}}],"collection":[{"href":"https:\/\/vinaelena.com\/en\/wp-json\/wp\/v2\/pages"}],"about":[{"href":"https:\/\/vinaelena.com\/en\/wp-json\/wp\/v2\/types\/page"}],"author":[{"embeddable":true,"href":"https:\/\/vinaelena.com\/en\/wp-json\/wp\/v2\/users\/1"}],"replies":[{"embeddable":true,"href":"https:\/\/vinaelena.com\/en\/wp-json\/wp\/v2\/comments?post=3841"}],"version-history":[{"count":1,"href":"https:\/\/vinaelena.com\/en\/wp-json\/wp\/v2\/pages\/3841\/revisions"}],"predecessor-version":[{"id":3842,"href":"https:\/\/vinaelena.com\/en\/wp-json\/wp\/v2\/pages\/3841\/revisions\/3842"}],"wp:attachment":[{"href":"https:\/\/vinaelena.com\/en\/wp-json\/wp\/v2\/media?parent=3841"}],"curies":[{"name":"wp","href":"https:\/\/api.w.org\/{rel}","templated":true}]}}