{"id":3848,"date":"2022-07-13T16:03:22","date_gmt":"2022-07-13T16:03:22","guid":{"rendered":"https:\/\/vinaelena.com\/aviso-legal\/"},"modified":"2022-07-13T16:08:12","modified_gmt":"2022-07-13T16:08:12","slug":"legal-advice","status":"publish","type":"page","link":"https:\/\/vinaelena.com\/en\/legal-advice\/","title":{"rendered":"Legal advice"},"content":{"rendered":"<p>[vc_row][vc_column][vc_column_text]<strong>LEGAL ADVICE<\/strong><\/p>\n<p>El presente Aviso Legal regula las condiciones generales de acceso y utilizaci\u00f3n del sitio web accesible en la direcci\u00f3n URL https:\/\/vinaelena.com (en adelante, el sitio web), que <strong>BODEGAS VI\u00d1A ELENA, S.L.<\/strong> pone a disposici\u00f3n de los usuarios de Internet.<br \/>\nLa utilizaci\u00f3n del sitio web implica la aceptaci\u00f3n plena y sin reservas de todas y cada una de las disposiciones incluidas en este Aviso Legal. En consecuencia, el usuario del sitio web debe leer atentamente el presente Aviso Legal en cada una de las ocasiones en que se proponga utilizar la web, ya que el texto podr\u00eda sufrir modificaciones a criterio del titular de la web, o a causa de un cambio legislativo, jurisprudencial o en la pr\u00e1ctica empresarial.<\/p>\n<h2>1.- TITULARIDAD DEL SITIO WEB.<\/h2>\n<p>Nombre del titular: <strong>BODEGAS VI\u00d1A ELENA, S.L.<\/strong><br \/>\nDomicilio social:<strong> Ctra. N-344, km 52,7. Paraje Estrecho de Mar\u00edn, s\/n.<\/strong><br \/>\nPoblaci\u00f3n: Jumilla<br \/>\nProvincia: Murcia<br \/>\nC.P.: 30529<br \/>\nC.I.F.: <strong>B-30463608<\/strong><br \/>\nTel\u00e9fono de contacto: <strong>968781340<\/strong><br \/>\nCorreo electr\u00f3nico: <strong>info@vinaelena.com <\/strong><br \/>\nDatos registrales: Registro mercantil de Murcia, tomo 943 \u2013 folio 215, hoja MU-18329, inscripci\u00f3n 2.<\/p>\n<h2>2.- OBJETO.<\/h2>\n<p>El sitio web facilita a los usuarios del mismo el acceso a informaci\u00f3n y servicios prestados por <strong>BODEGAS VI\u00d1A ELENA, S.L.<\/strong> a aquellas personas u organizaciones interesadas en los mismos.<\/p>\n<h2>3.- ACCESO Y UTILIZACI\u00d3N DE LA WEB.<\/h2>\n<p>3.1.- Car\u00e1cter gratuito del acceso y utilizaci\u00f3n de la web.<br \/>\nEl acceso a la web tiene car\u00e1cter gratuito para los usuarios de la misma.<br \/>\n3.2.- Registro de usuarios.<br \/>\nCon car\u00e1cter general el acceso y utilizaci\u00f3n de la web no exige la previa suscripci\u00f3n o registro de los usuarios de la misma.<\/p>\n<h2>4.- CONTENIDOS DE LA WEB.<\/h2>\n<p>El idioma utilizado por el titular en la web ser\u00e1 el castellano. <strong>BODEGAS VI\u00d1A ELENA, S.L.<\/strong>\u00a0no se responsabiliza de la no comprensi\u00f3n o entendimiento del idioma de la web por el usuario, ni de sus consecuencias.<br \/>\n<strong>BODEGAS VI\u00d1A ELENA, S.L.<\/strong> podr\u00e1 modificar los contenidos sin previo aviso, as\u00ed como suprimir y cambiar \u00e9stos dentro de la web, como la forma en que se accede a \u00e9stos, sin justificaci\u00f3n alguna y libremente, no responsabiliz\u00e1ndose de las consecuencias que los mismos puedan ocasionar a los usuarios.<br \/>\nSe proh\u00edbe el uso de los contenidos de la web para promocionar, contratar o divulgar publicidad o informaci\u00f3n propia o de terceras personas sin la autorizaci\u00f3n de <strong>BODEGAS VI\u00d1A ELENA, S.L.<\/strong>, ni remitir publicidad o informaci\u00f3n vali\u00e9ndose para ello de los servicios o informaci\u00f3n que se ponen a disposici\u00f3n de los usuarios, independientemente de si la utilizaci\u00f3n es gratuita o no.<br \/>\nLos enlaces o hiperenlaces que incorporen terceros en sus p\u00e1ginas web, dirigidos a esta web, ser\u00e1n para la apertura de la p\u00e1gina web completa, no pudiendo manifestar, directa o indirectamente, indicaciones falsas, inexactas o confusas, ni incurrir en acciones desleales o il\u00edcitas en contra de <strong>BODEGAS VI\u00d1A ELENA, S.L.<\/strong>.<\/p>\n<h2>5.- LIMITACI\u00d3N DE RESPONSABILIDAD.<\/h2>\n<p>Tanto el acceso a la web como el uso no consentido que pueda efectuarse de la informaci\u00f3n contenida en la misma es de la exclusiva responsabilidad de quien lo realiza. <strong>BODEGAS VI\u00d1A ELENA, S.L.<\/strong> no responder\u00e1 de ninguna consecuencia, da\u00f1o o perjuicio que pudieran derivarse de dicho acceso o uso. <strong>BODEGAS VI\u00d1A ELENA, S.L.<\/strong>\u00a0no se hace responsable de los errores de seguridad, que se puedan producir ni de los da\u00f1os que puedan causarse al sistema inform\u00e1tico del usuario (hardware y software), o a los ficheros o documentos almacenados en el mismo, como consecuencia de:<br \/>\n\u2013 la presencia de un virus en el ordenador del usuario que sea utilizado para la conexi\u00f3n a los servicios y contenidos de la web,<br \/>\n\u2013 un mal funcionamiento del navegador,<br \/>\n\u2013 y\/o del uso de versiones no actualizadas del mismo.<br \/>\n<strong>BODEGAS VI\u00d1A ELENA, S.L.<\/strong> no se hace responsable de la fiabilidad y rapidez de los hiperenlaces que se incorporen en la web para la apertura de otras. <strong>BODEGAS VI\u00d1A ELENA, S.L.<\/strong>\u00a0no garantiza la utilidad de estos enlaces, ni se responsabiliza de los contenidos o servicios a los que pueda acceder el usuario por medio de estos enlaces, ni del buen funcionamiento de estas webs.<br \/>\n<strong>BODEGAS VI\u00d1A ELENA, S.L.<\/strong> no ser\u00e1 responsable de los virus o dem\u00e1s programas inform\u00e1ticos que deterioren o puedan deteriorar los sistemas o equipos inform\u00e1ticos de los usuarios al acceder a su web u otras webs a las que se haya accedido mediante enlaces de esta web.<\/p>\n<h2>6.- EMPLEO DE LA TECNOLOG\u00cdA \u201cCOOKIE\u201d.<\/h2>\n<p>La web no emplea cookies ni cualquier otro procedimiento invisible de recogida de informaci\u00f3n cuando el usuario navega por ella, respetando en todo momento la confidencialidad e intimidad del mismo.<br \/>\n*SI SE EMPLEAN COOKIES CONSULTAR COMUNICADO SOBRE USO DE COOKIES La web emplea cookies, puede consultar nuestra\u00a0<a href=\"https:\/\/vinaelena.com\/en\/cookie-policy\/\">Pol\u00edtica de Cookies<\/a>, que respeta en todo momento la confidencialidad e intimidad del mismo.<\/p>\n<h2>7.- PROPIEDAD INTELECTUAL E INDUSTRIAL.<\/h2>\n<p>Son propiedad de <strong>BODEGAS VI\u00d1A ELENA, S.L.<\/strong>, todos los derechos de propiedad industrial e intelectual de la web, as\u00ed como de los contenidos que alberga. Cualquier uso de la web o sus contenidos deber\u00e1 tener un car\u00e1cter exclusivamente particular. Est\u00e1 reservado exclusivamente a uso particular, cualquier otro uso que suponga la copia, reproducci\u00f3n, distribuci\u00f3n, transformaci\u00f3n, comunicaci\u00f3n p\u00fablica o cualquier otra acci\u00f3n similar, de todo o parte de los contenidos de la web, por lo que ning\u00fan usuario podr\u00e1 llevar a cabo estas acciones sin la autorizaci\u00f3n previa y por escrito de <strong>BODEGAS VI\u00d1A ELENA, S.L.<\/strong><\/p>\n<h2>\u00a08.- POL\u00cdTICA DE PRIVACIDAD Y PROTECCION DE DATOS<\/h2>\n<p><strong>VINOS VI\u00d1A ELENA, S.L.<\/strong> garantiza la protecci\u00f3n y confidencialidad de los datos personales, de cualquier tipo que nos proporcionen nuestras empresas clientes de acuerdo con lo dispuesto en la Ley Org\u00e1nica 15\/1999, de 13 de Diciembre de Protecci\u00f3n de Datos de Car\u00e1cter Personal.<br \/>\nTodos los datos facilitados por nuestras empresas clientes a <strong>BODEGAS VI\u00d1A ELENA, S.L.<\/strong> o a su personal, ser\u00e1n incluidos en un fichero automatizado de datos de car\u00e1cter personal creado y mantenido bajo la responsabilidad de <strong>BODEGAS VI\u00d1A ELENA, S.L.<\/strong>, imprescindibles para prestar los servicios solicitados por los usuarios.<br \/>\nLos datos facilitados ser\u00e1n tratados seg\u00fan el Reglamento de Medidas de Seguridad (Real Decreto 1720\/2007 de 21 de Diciembre), en este sentido <strong>BODEGAS VI\u00d1A ELENA, S.L.<\/strong>\u00a0ha adoptado los niveles de protecci\u00f3n que legalmente se exigen, y ha instalado todas las medidas t\u00e9cnicas a su alcance para evitar la perdida, mal uso, alteraci\u00f3n, acceso no autorizado por terceros. No obstante, el usuario debe ser consciente de que las medidas de seguridad en Internet no son inexpugnables. En caso en que considere oportuno que se cedan sus datos de car\u00e1cter personal a otras entidades, el usuario ser\u00e1 informado de los datos cedidos, de la finalidad del fichero y del nombre y direcci\u00f3n del cesionario, para que de su consentimiento inequ\u00edvoco al respecto.<br \/>\nEn cumplimiento de lo establecido en la RGPD, el usuario podr\u00e1 ejercer sus derechos de acceso, rectificaci\u00f3n, cancelaci\u00f3n y oposici\u00f3n. Para ello debe de contactar con nosotros en <strong>info@vinaelena.com <\/strong><\/p>\n<h2>9.- LEGISLACI\u00d3N APLICABLE Y JURISDICCI\u00d3N COMPETENTE.<\/h2>\n<p>El presente Aviso Legal se interpretar\u00e1 y regir\u00e1 de conformidad con la legislaci\u00f3n espa\u00f1ola. <strong>BODEGAS VI\u00d1A ELENA, S.L. <\/strong>y los usuarios, con renuncia expresa a cualquier otro fuero que pudiera corresponderles, se someten al de los juzgados y tribunales del domicilio del usuario para cualquier controversia que pudiera derivarse del acceso o uso de la web. En el caso de que el usuario tenga su domicilio fuera de Espa\u00f1a, <strong>BODEGAS VI\u00d1A ELENA, S.L.<\/strong> y el usuario, se someten, con renuncia expresa a cualquier otro fuero, a los juzgados y tribunales del domicilio de <strong>BODEGAS VI\u00d1A ELENA, S.L.<\/strong><\/p>\n<p>&nbsp;<\/p>\n<h2>10. POL\u00cdTICA DE CALIDAD Y SEGURIDAD ALIMENTARIA<\/h2>\n<p>La direcci\u00f3n de Bodegas Vi\u00f1a Elena, S.L. establece la siguiente <strong>\u00abPol\u00edtica de Calidad e Inocuidad Alimentar\u00eda\u00bb<\/strong> dirigida al desarrollo de la empresa, la producci\u00f3n y la comercializaci\u00f3n de productos legales e higi\u00e9nicamente seguros, para la elaboraci\u00f3n, crianza, embotellado, comercializaci\u00f3n de vino y comercializaci\u00f3n aceite de oliva.<\/p>\n<p>Esta pol\u00edtica proporciona un marco de referencia para establecer y revisar los objetivos y los compromisos que queremos conseguir.<br \/>\nEs compromiso de la direcci\u00f3n aplicar en primera persona las reglas establecidas en el manual de la calidad, en los procedimientos e instrucciones, adem\u00e1s de verificar las aplicaciones por parte de todo el personal de la organizaci\u00f3n, controlando peri\u00f3dicamente que los requisitos definidos est\u00e1n sistem\u00e1ticamente aplicados y mantenidos en el tiempo, mediante la revisi\u00f3n anual del sistema.<\/p>\n<p>Para la consecuci\u00f3n de estos fines la empresa se concentrar\u00e1 en los siguientes objetivos:<br \/>\n\u2013 Garantizar el cumplimiento a la normativa legal vigente que afectan a la seguridad alimentaria de los productos fabricados y comercializados. Garantizar el cumplimiento de los requisitos sobre inocuidad de los alimentos pactados con los clientes y los acordados con las partes interesadas.<br \/>\n\u2013 Crear y defender constantemente una cultura dentro de la organizaci\u00f3n que permita anticiparse a las necesidades, asumiendo como objetivos principales la satisfacci\u00f3n y las expectativas de los clientes as\u00ed como la prevenci\u00f3n de la contaminaci\u00f3n del medioambiente.<br \/>\n\u2013 Asegurar productos higi\u00e9nicamente seguros.<br \/>\n\u2013 Involucrar a todo el personal en una mejora continua, en el \u00e1mbito del Sistema de Gesti\u00f3n de Calidad e Inocuidad de los Alimentos.[\/vc_column_text][\/vc_column][\/vc_row]<\/p>\n","protected":false},"excerpt":{"rendered":"<p>[vc_row][vc_column][vc_column_text]LEGAL ADVICE El presente Aviso Legal regula las condiciones generales de acceso y utilizaci\u00f3n del sitio web accesible en la direcci\u00f3n&#8230;<\/p>\n","protected":false},"author":1,"featured_media":0,"parent":0,"menu_order":0,"comment_status":"closed","ping_status":"closed","template":"","meta":{"footnotes":""},"class_list":["post-3848","page","type-page","status-publish","hentry"],"yoast_head":"<!-- This site is optimized with the Yoast SEO plugin v27.2 - https:\/\/yoast.com\/product\/yoast-seo-wordpress\/ -->\n<title>Legal advice | Bodegas Vi\u00f1a Elena<\/title>\n<meta name=\"robots\" content=\"index, follow, max-snippet:-1, max-image-preview:large, max-video-preview:-1\" \/>\n<link rel=\"canonical\" href=\"https:\/\/vinaelena.com\/en\/legal-advice\/\" \/>\n<meta property=\"og:locale\" content=\"en_US\" \/>\n<meta property=\"og:type\" content=\"article\" \/>\n<meta property=\"og:title\" content=\"Legal advice | Bodegas Vi\u00f1a Elena\" \/>\n<meta property=\"og:description\" content=\"[vc_row][vc_column][vc_column_text]LEGAL ADVICE El presente Aviso Legal regula las condiciones generales de acceso y utilizaci\u00f3n del sitio web accesible en la direcci\u00f3n...\" \/>\n<meta property=\"og:url\" content=\"https:\/\/vinaelena.com\/en\/legal-advice\/\" \/>\n<meta property=\"og:site_name\" content=\"Bodegas Vi\u00f1a Elena\" \/>\n<meta property=\"article:modified_time\" content=\"2022-07-13T16:08:12+00:00\" \/>\n<meta name=\"twitter:card\" content=\"summary_large_image\" \/>\n<script type=\"application\/ld+json\" class=\"yoast-schema-graph\">{\"@context\":\"https:\/\/schema.org\",\"@graph\":[{\"@type\":\"WebPage\",\"@id\":\"https:\/\/vinaelena.com\/en\/legal-advice\/\",\"url\":\"https:\/\/vinaelena.com\/en\/legal-advice\/\",\"name\":\"Legal advice | Bodegas Vi\u00f1a Elena\",\"isPartOf\":{\"@id\":\"https:\/\/vinaelena.com\/en\/#website\"},\"datePublished\":\"2022-07-13T16:03:22+00:00\",\"dateModified\":\"2022-07-13T16:08:12+00:00\",\"inLanguage\":\"en-US\",\"potentialAction\":[{\"@type\":\"ReadAction\",\"target\":[\"https:\/\/vinaelena.com\/en\/legal-advice\/\"]}]},{\"@type\":\"WebSite\",\"@id\":\"https:\/\/vinaelena.com\/en\/#website\",\"url\":\"https:\/\/vinaelena.com\/en\/\",\"name\":\"Bodegas Vi\u00f1a Elena\",\"description\":\"Wines from Jumilla. Wine tourism\",\"publisher\":{\"@id\":\"https:\/\/vinaelena.com\/en\/#organization\"},\"potentialAction\":[{\"@type\":\"SearchAction\",\"target\":{\"@type\":\"EntryPoint\",\"urlTemplate\":\"https:\/\/vinaelena.com\/en\/?s={search_term_string}\"},\"query-input\":{\"@type\":\"PropertyValueSpecification\",\"valueRequired\":true,\"valueName\":\"search_term_string\"}}],\"inLanguage\":\"en-US\"},{\"@type\":\"Organization\",\"@id\":\"https:\/\/vinaelena.com\/en\/#organization\",\"name\":\"Bodegas Vi\u00f1a Elena\",\"url\":\"https:\/\/vinaelena.com\/en\/\",\"logo\":{\"@type\":\"ImageObject\",\"inLanguage\":\"en-US\",\"@id\":\"https:\/\/vinaelena.com\/en\/#\/schema\/logo\/image\/\",\"url\":\"https:\/\/vinaelena.com\/content-nx\/uploads\/2022\/06\/logo_VinaElena-cuadrado.png\",\"contentUrl\":\"https:\/\/vinaelena.com\/content-nx\/uploads\/2022\/06\/logo_VinaElena-cuadrado.png\",\"width\":500,\"height\":500,\"caption\":\"Bodegas Vi\u00f1a Elena\"},\"image\":{\"@id\":\"https:\/\/vinaelena.com\/en\/#\/schema\/logo\/image\/\"}}]}<\/script>\n<!-- \/ Yoast SEO plugin. -->","yoast_head_json":{"title":"Legal advice | Bodegas Vi\u00f1a Elena","robots":{"index":"index","follow":"follow","max-snippet":"max-snippet:-1","max-image-preview":"max-image-preview:large","max-video-preview":"max-video-preview:-1"},"canonical":"https:\/\/vinaelena.com\/en\/legal-advice\/","og_locale":"en_US","og_type":"article","og_title":"Legal advice | Bodegas Vi\u00f1a Elena","og_description":"[vc_row][vc_column][vc_column_text]LEGAL ADVICE El presente Aviso Legal regula las condiciones generales de acceso y utilizaci\u00f3n del sitio web accesible en la direcci\u00f3n...","og_url":"https:\/\/vinaelena.com\/en\/legal-advice\/","og_site_name":"Bodegas Vi\u00f1a Elena","article_modified_time":"2022-07-13T16:08:12+00:00","twitter_card":"summary_large_image","schema":{"@context":"https:\/\/schema.org","@graph":[{"@type":"WebPage","@id":"https:\/\/vinaelena.com\/en\/legal-advice\/","url":"https:\/\/vinaelena.com\/en\/legal-advice\/","name":"Legal advice | Bodegas Vi\u00f1a Elena","isPartOf":{"@id":"https:\/\/vinaelena.com\/en\/#website"},"datePublished":"2022-07-13T16:03:22+00:00","dateModified":"2022-07-13T16:08:12+00:00","inLanguage":"en-US","potentialAction":[{"@type":"ReadAction","target":["https:\/\/vinaelena.com\/en\/legal-advice\/"]}]},{"@type":"WebSite","@id":"https:\/\/vinaelena.com\/en\/#website","url":"https:\/\/vinaelena.com\/en\/","name":"Bodegas Vi\u00f1a Elena","description":"Wines from Jumilla. Wine tourism","publisher":{"@id":"https:\/\/vinaelena.com\/en\/#organization"},"potentialAction":[{"@type":"SearchAction","target":{"@type":"EntryPoint","urlTemplate":"https:\/\/vinaelena.com\/en\/?s={search_term_string}"},"query-input":{"@type":"PropertyValueSpecification","valueRequired":true,"valueName":"search_term_string"}}],"inLanguage":"en-US"},{"@type":"Organization","@id":"https:\/\/vinaelena.com\/en\/#organization","name":"Bodegas Vi\u00f1a Elena","url":"https:\/\/vinaelena.com\/en\/","logo":{"@type":"ImageObject","inLanguage":"en-US","@id":"https:\/\/vinaelena.com\/en\/#\/schema\/logo\/image\/","url":"https:\/\/vinaelena.com\/content-nx\/uploads\/2022\/06\/logo_VinaElena-cuadrado.png","contentUrl":"https:\/\/vinaelena.com\/content-nx\/uploads\/2022\/06\/logo_VinaElena-cuadrado.png","width":500,"height":500,"caption":"Bodegas Vi\u00f1a Elena"},"image":{"@id":"https:\/\/vinaelena.com\/en\/#\/schema\/logo\/image\/"}}]}},"_links":{"self":[{"href":"https:\/\/vinaelena.com\/en\/wp-json\/wp\/v2\/pages\/3848","targetHints":{"allow":["GET"]}}],"collection":[{"href":"https:\/\/vinaelena.com\/en\/wp-json\/wp\/v2\/pages"}],"about":[{"href":"https:\/\/vinaelena.com\/en\/wp-json\/wp\/v2\/types\/page"}],"author":[{"embeddable":true,"href":"https:\/\/vinaelena.com\/en\/wp-json\/wp\/v2\/users\/1"}],"replies":[{"embeddable":true,"href":"https:\/\/vinaelena.com\/en\/wp-json\/wp\/v2\/comments?post=3848"}],"version-history":[{"count":1,"href":"https:\/\/vinaelena.com\/en\/wp-json\/wp\/v2\/pages\/3848\/revisions"}],"predecessor-version":[{"id":3849,"href":"https:\/\/vinaelena.com\/en\/wp-json\/wp\/v2\/pages\/3848\/revisions\/3849"}],"wp:attachment":[{"href":"https:\/\/vinaelena.com\/en\/wp-json\/wp\/v2\/media?parent=3848"}],"curies":[{"name":"wp","href":"https:\/\/api.w.org\/{rel}","templated":true}]}}